{"id":626,"date":"2025-11-17T23:01:37","date_gmt":"2025-11-18T04:01:37","guid":{"rendered":"https:\/\/amrauditores.com\/?page_id=626"},"modified":"2026-02-12T21:07:56","modified_gmt":"2026-02-13T02:07:56","slug":"acerca-de","status":"publish","type":"page","link":"https:\/\/amrauditores.com\/en\/acerca-de\/","title":{"rendered":"PARTNER FIRM"},"content":{"rendered":"<div data-elementor-type=\"wp-page\" data-elementor-id=\"626\" class=\"elementor elementor-626\" data-elementor-post-type=\"page\">\n\t\t\t\t<div class=\"elementor-element elementor-element-36af3d15 e-con-full e-flex e-con e-parent\" data-id=\"36af3d15\" data-element_type=\"container\" data-e-type=\"container\" data-settings=\"{&quot;background_background&quot;:&quot;gradient&quot;}\">\n\t\t<div class=\"elementor-element elementor-element-12751960 e-con-full e-flex e-con e-child\" data-id=\"12751960\" data-element_type=\"container\" data-e-type=\"container\">\n\t\t\t\t<div class=\"elementor-element elementor-element-7e73c8a9 elementor-widget elementor-widget-image\" data-id=\"7e73c8a9\" data-element_type=\"widget\" data-e-type=\"widget\" data-widget_type=\"image.default\">\n\t\t\t\t\t\t\t\t\t\t\t\t\t\t\t<img decoding=\"async\" width=\"60\" height=\"60\" src=\"https:\/\/amrauditores.com\/wp-content\/uploads\/2025\/10\/ChartDonut-1.png\" class=\"attachment-full size-full wp-image-17\" alt=\"\" \/>\t\t\t\t\t\t\t\t\t\t\t\t\t\t\t<\/div>\n\t\t\t\t<div class=\"elementor-element elementor-element-15271b5d elementor-widget elementor-widget-image\" data-id=\"15271b5d\" data-element_type=\"widget\" data-e-type=\"widget\" data-widget_type=\"image.default\">\n\t\t\t\t\t\t\t\t\t\t\t\t\t\t\t<img decoding=\"async\" width=\"60\" height=\"60\" src=\"https:\/\/amrauditores.com\/wp-content\/uploads\/2025\/10\/ChartDonut.png\" class=\"attachment-full size-full wp-image-18\" alt=\"\" \/>\t\t\t\t\t\t\t\t\t\t\t\t\t\t\t<\/div>\n\t\t\t\t<\/div>\n\t\t\t\t<div class=\"elementor-element elementor-element-d22f4a3 elementor-widget-mobile__width-inherit elementor-widget-tablet__width-initial elementor-widget elementor-widget-image\" data-id=\"d22f4a3\" data-element_type=\"widget\" data-e-type=\"widget\" data-widget_type=\"image.default\">\n\t\t\t\t\t\t\t\t\t\t\t\t\t\t\t<img fetchpriority=\"high\" decoding=\"async\" width=\"300\" height=\"300\" src=\"https:\/\/amrauditores.com\/wp-content\/uploads\/2026\/02\/ChatGPT-Image-9-feb-2026-03_22_27-p.m-300x300.png\" class=\"attachment-medium size-medium wp-image-2728\" alt=\"\" srcset=\"https:\/\/amrauditores.com\/wp-content\/uploads\/2026\/02\/ChatGPT-Image-9-feb-2026-03_22_27-p.m-300x300.png 300w, https:\/\/amrauditores.com\/wp-content\/uploads\/2026\/02\/ChatGPT-Image-9-feb-2026-03_22_27-p.m-150x150.png 150w, https:\/\/amrauditores.com\/wp-content\/uploads\/2026\/02\/ChatGPT-Image-9-feb-2026-03_22_27-p.m-768x768.png 768w, https:\/\/amrauditores.com\/wp-content\/uploads\/2026\/02\/ChatGPT-Image-9-feb-2026-03_22_27-p.m-12x12.png 12w, https:\/\/amrauditores.com\/wp-content\/uploads\/2026\/02\/ChatGPT-Image-9-feb-2026-03_22_27-p.m.png 1024w\" sizes=\"(max-width: 300px) 100vw, 300px\" \/>\t\t\t\t\t\t\t\t\t\t\t\t\t\t\t<\/div>\n\t\t<div class=\"elementor-element elementor-element-7d02adb e-con-full e-flex e-con e-child\" data-id=\"7d02adb\" data-element_type=\"container\" data-e-type=\"container\" data-settings=\"{&quot;background_background&quot;:&quot;classic&quot;}\">\n\t\t<div class=\"elementor-element elementor-element-6b1c8e5c e-con-full e-flex e-con e-child\" data-id=\"6b1c8e5c\" data-element_type=\"container\" data-e-type=\"container\" data-settings=\"{&quot;background_background&quot;:&quot;gradient&quot;}\">\n\t\t<div class=\"elementor-element elementor-element-3b94579f e-con-full e-grid e-con e-child\" data-id=\"3b94579f\" data-element_type=\"container\" data-e-type=\"container\">\n\t\t\t\t<div class=\"elementor-element elementor-element-8647d38 elementor-hidden-tablet elementor-hidden-mobile elementor-widget elementor-widget-image\" data-id=\"8647d38\" data-element_type=\"widget\" data-e-type=\"widget\" data-widget_type=\"image.default\">\n\t\t\t\t\t\t\t\t\t\t\t\t\t\t\t<img loading=\"lazy\" decoding=\"async\" width=\"694\" height=\"1024\" src=\"https:\/\/amrauditores.com\/wp-content\/uploads\/2026\/02\/IMG_0875.JPG-1-694x1024.jpeg\" class=\"attachment-large size-large wp-image-2686\" alt=\"\" srcset=\"https:\/\/amrauditores.com\/wp-content\/uploads\/2026\/02\/IMG_0875.JPG-1-694x1024.jpeg 694w, https:\/\/amrauditores.com\/wp-content\/uploads\/2026\/02\/IMG_0875.JPG-1-203x300.jpeg 203w, https:\/\/amrauditores.com\/wp-content\/uploads\/2026\/02\/IMG_0875.JPG-1-768x1133.jpeg 768w, https:\/\/amrauditores.com\/wp-content\/uploads\/2026\/02\/IMG_0875.JPG-1-1041x1536.jpeg 1041w, https:\/\/amrauditores.com\/wp-content\/uploads\/2026\/02\/IMG_0875.JPG-1-1388x2048.jpeg 1388w, https:\/\/amrauditores.com\/wp-content\/uploads\/2026\/02\/IMG_0875.JPG-1-8x12.jpeg 8w, https:\/\/amrauditores.com\/wp-content\/uploads\/2026\/02\/IMG_0875.JPG-1-scaled.jpeg 1735w\" sizes=\"(max-width: 694px) 100vw, 694px\" \/>\t\t\t\t\t\t\t\t\t\t\t\t\t\t\t<\/div>\n\t\t\t\t<div class=\"elementor-element elementor-element-6b7ef3fb ekit-equal-height-enable elementor-widget-mobile__width-inherit elementor-widget__width-initial elementor-invisible elementor-widget elementor-widget-elementskit-image-box\" data-id=\"6b7ef3fb\" data-element_type=\"widget\" data-e-type=\"widget\" data-settings=\"{&quot;_animation&quot;:&quot;fadeInUp&quot;,&quot;_animation_delay&quot;:100}\" data-widget_type=\"elementskit-image-box.default\">\n\t\t\t\t\t<div class=\"ekit-wid-con\" >\n            <div class=\"elementskit-info-image-box ekit-image-box text-center  hover-border-bottom\" >\n\n                \n                <div class=\"elementskit-box-header image-box-img-center\">\n\n                    \n                <\/div>\n                \n                <div class=\"elementskit-box-body ekit-image-box-body\">\n                    <div class=\"elementskit-box-content ekit-image-box-body-inner\">\n                                                                <div class=\"elementskit-box-style-content\">\n                        Floriano Medina Asociados S.A.S. acompa\u00f1a a empresas, gerentes y accionistas en la prevenci\u00f3n y soluci\u00f3n de riesgos legales del negocio y la empresa. Su enfoque es el derecho corporativo y empresarial, con \u00e9nfasis en gobierno societario (estatutos, libros, actas, asambleas de accionistas y juntas directivas), contrataci\u00f3n privada y comercial con proveedores, clientes y contratistas, y derecho laboral empresarial para una gesti\u00f3n segura y ordenada de las relaciones de trabajo. La firma entrega soluciones claras, documentadas y aplicables para apoyar decisiones estrat\u00e9gicas y evitar demandas, sanciones y conflictos que se convierten en costos, desgaste y p\u00e9rdida de tiempo para la empresa.                    <\/div>\n                                    <\/div>\n\n                            <\/div>\n            <\/div>\n    <\/div>\t\t\t\t<\/div>\n\t\t\t\t<\/div>\n\t\t\t\t<\/div>\n\t\t\t\t<\/div>\n\t\t<div class=\"elementor-element elementor-element-2651758 e-con-full e-flex e-con e-child\" data-id=\"2651758\" data-element_type=\"container\" data-e-type=\"container\">\n\t\t<div class=\"elementor-element elementor-element-6721f35 e-con-full elementor-hidden-tablet elementor-hidden-mobile e-grid e-con e-child\" data-id=\"6721f35\" data-element_type=\"container\" data-e-type=\"container\" data-settings=\"{&quot;background_background&quot;:&quot;classic&quot;}\">\n\t\t\t\t<div class=\"elementor-element elementor-element-09940d7 elementor-widget elementor-widget-heading\" data-id=\"09940d7\" data-element_type=\"widget\" data-e-type=\"widget\" data-widget_type=\"heading.default\">\n\t\t\t\t\t<h2 class=\"elementor-heading-title elementor-size-default\">https:\/\/www.florianomedina.com\/\u200b<\/h2>\t\t\t\t<\/div>\n\t\t\t\t<div class=\"elementor-element elementor-element-8b16f05 elementor-widget elementor-widget-image\" data-id=\"8b16f05\" data-element_type=\"widget\" data-e-type=\"widget\" data-widget_type=\"image.default\">\n\t\t\t\t\t\t\t\t\t\t\t\t\t\t\t<img loading=\"lazy\" decoding=\"async\" width=\"300\" height=\"300\" src=\"https:\/\/amrauditores.com\/wp-content\/uploads\/2026\/02\/LUPA-300x300.png\" class=\"attachment-medium size-medium wp-image-2634\" alt=\"\" srcset=\"https:\/\/amrauditores.com\/wp-content\/uploads\/2026\/02\/LUPA-300x300.png 300w, https:\/\/amrauditores.com\/wp-content\/uploads\/2026\/02\/LUPA-150x150.png 150w, https:\/\/amrauditores.com\/wp-content\/uploads\/2026\/02\/LUPA-12x12.png 12w, https:\/\/amrauditores.com\/wp-content\/uploads\/2026\/02\/elementor\/thumbs\/LUPA-rik85iw9aqm0pjqqa7d952wsqpgr6suy07is4y7r4w.png 80w, https:\/\/amrauditores.com\/wp-content\/uploads\/2026\/02\/elementor\/thumbs\/LUPA-rik8kawwzqllkfwovdibrkfd69gtxu65vpomzuedbc.png 100w, https:\/\/amrauditores.com\/wp-content\/uploads\/2026\/02\/LUPA.png 360w\" sizes=\"(max-width: 300px) 100vw, 300px\" \/>\t\t\t\t\t\t\t\t\t\t\t\t\t\t\t<\/div>\n\t\t\t\t<\/div>\n\t\t\t\t<\/div>\n\t\t<div class=\"elementor-element elementor-element-15a272b9 e-con-full e-flex e-con e-child\" data-id=\"15a272b9\" data-element_type=\"container\" data-e-type=\"container\">\n\t\t\t\t<div class=\"elementor-element elementor-element-5b052217 elementor-widget elementor-widget-image\" data-id=\"5b052217\" data-element_type=\"widget\" data-e-type=\"widget\" data-widget_type=\"image.default\">\n\t\t\t\t\t\t\t\t\t\t\t\t\t\t\t<img loading=\"lazy\" decoding=\"async\" width=\"60\" height=\"60\" src=\"https:\/\/amrauditores.com\/wp-content\/uploads\/2025\/10\/ChartDonut-2.png\" class=\"attachment-full size-full wp-image-19\" alt=\"\" \/>\t\t\t\t\t\t\t\t\t\t\t\t\t\t\t<\/div>\n\t\t\t\t<div class=\"elementor-element elementor-element-3676eac8 elementor-widget elementor-widget-image\" data-id=\"3676eac8\" data-element_type=\"widget\" data-e-type=\"widget\" data-widget_type=\"image.default\">\n\t\t\t\t\t\t\t\t\t\t\t\t\t\t\t<img loading=\"lazy\" decoding=\"async\" width=\"60\" height=\"60\" src=\"https:\/\/amrauditores.com\/wp-content\/uploads\/2025\/10\/ChartDonut-3.png\" class=\"attachment-full size-full wp-image-20\" alt=\"\" \/>\t\t\t\t\t\t\t\t\t\t\t\t\t\t\t<\/div>\n\t\t\t\t<\/div>\n\t\t\t\t<\/div>\n\t\t\t\t<\/div>","protected":false},"excerpt":{"rendered":"<p>Floriano Medina Asociados S.A.S. acompa\u00f1a a empresas, gerentes y accionistas en la prevenci\u00f3n y soluci\u00f3n de riesgos legales del negocio y la empresa. Su enfoque es el derecho corporativo y empresarial, con \u00e9nfasis en gobierno societario (estatutos, libros, actas, asambleas de accionistas y juntas directivas), contrataci\u00f3n privada y comercial con proveedores, clientes y contratistas, y [&hellip;]<\/p>\n","protected":false},"author":1,"featured_media":0,"parent":0,"menu_order":0,"comment_status":"closed","ping_status":"closed","template":"","meta":{"_joinchat":[],"footnotes":""},"class_list":["post-626","page","type-page","status-publish","hentry"],"aioseo_notices":[],"_links":{"self":[{"href":"https:\/\/amrauditores.com\/en\/wp-json\/wp\/v2\/pages\/626","targetHints":{"allow":["GET"]}}],"collection":[{"href":"https:\/\/amrauditores.com\/en\/wp-json\/wp\/v2\/pages"}],"about":[{"href":"https:\/\/amrauditores.com\/en\/wp-json\/wp\/v2\/types\/page"}],"author":[{"embeddable":true,"href":"https:\/\/amrauditores.com\/en\/wp-json\/wp\/v2\/users\/1"}],"replies":[{"embeddable":true,"href":"https:\/\/amrauditores.com\/en\/wp-json\/wp\/v2\/comments?post=626"}],"version-history":[{"count":99,"href":"https:\/\/amrauditores.com\/en\/wp-json\/wp\/v2\/pages\/626\/revisions"}],"predecessor-version":[{"id":2916,"href":"https:\/\/amrauditores.com\/en\/wp-json\/wp\/v2\/pages\/626\/revisions\/2916"}],"wp:attachment":[{"href":"https:\/\/amrauditores.com\/en\/wp-json\/wp\/v2\/media?parent=626"}],"curies":[{"name":"wp","href":"https:\/\/api.w.org\/{rel}","templated":true}]}}